{"id":8,"date":"2022-08-22T10:03:44","date_gmt":"2022-08-22T08:03:44","guid":{"rendered":"http:\/\/marie-soudee-gestalt-therapeute-avranches.ovh\/?page_id=8"},"modified":"2022-08-22T11:54:13","modified_gmt":"2022-08-22T09:54:13","slug":"blog","status":"publish","type":"page","link":"https:\/\/marie-soudee-gestalt-therapeute-avranches.ovh\/?page_id=8","title":{"rendered":"Gestalt-Th\u00e9rapie"},"content":{"rendered":"<p style=\"text-align: justify;\">La Gestalt Th\u00e9rapie est n\u00e9e dans les ann\u00e9es 50 aux \u00c9tats-Unis d&rsquo;une rencontre entre les travaux de Frederick et Laura Perls, psychiatre-psychanalyste et les courants de pens\u00e9es de la psychologie humaniste, existentielle et holistique comme ceux de Paul Goodman et Ralph Hefferline.<\/p>\n\n\n<div class=\"wp-block-media-text alignwide has-media-on-the-right is-stacked-on-mobile is-vertically-aligned-center\" style=\"grid-template-columns:auto 47%\"><figure class=\"wp-block-media-text__media\"><img loading=\"lazy\" decoding=\"async\" width=\"762\" height=\"1024\" src=\"http:\/\/marie-soudee-gestalt-therapeute-avranches.ovh\/wp-content\/uploads\/2022\/08\/299150511_1718119181883873_7384965121701619495_n-762x1024.jpg\" alt=\"\" class=\"wp-image-67 size-full\" srcset=\"https:\/\/marie-soudee-gestalt-therapeute-avranches.ovh\/wp-content\/uploads\/2022\/08\/299150511_1718119181883873_7384965121701619495_n-762x1024.jpg 762w, https:\/\/marie-soudee-gestalt-therapeute-avranches.ovh\/wp-content\/uploads\/2022\/08\/299150511_1718119181883873_7384965121701619495_n-223x300.jpg 223w, https:\/\/marie-soudee-gestalt-therapeute-avranches.ovh\/wp-content\/uploads\/2022\/08\/299150511_1718119181883873_7384965121701619495_n-768x1032.jpg 768w, https:\/\/marie-soudee-gestalt-therapeute-avranches.ovh\/wp-content\/uploads\/2022\/08\/299150511_1718119181883873_7384965121701619495_n-1143x1536.jpg 1143w, https:\/\/marie-soudee-gestalt-therapeute-avranches.ovh\/wp-content\/uploads\/2022\/08\/299150511_1718119181883873_7384965121701619495_n.jpg 1152w\" sizes=\"auto, (max-width: 706px) 89vw, (max-width: 767px) 82vw, 740px\" \/><\/figure><div class=\"wp-block-media-text__content\">\n<div class=\"wp-block-group is-vertical is-layout-flex wp-container-core-group-is-layout-8cf370e7 wp-block-group-is-layout-flex\">\n<p style=\"text-align: justify;\">\u00ab\u00a0Gestalt\u00a0\u00bb mot d&rsquo;origine allemande signifie \u00ab\u00a0donner forme\u00a0\u00bb, \u00ab\u00a0prendre forme\u00a0\u00bb. La Gestalt Th\u00e9rapie vise l\u2019\u00e9quilibre entre ce qui compose notre \u00eatre : notre t\u00eate (la pens\u00e9e), notre corps (nos sensations) et notre c\u0153ur (nos \u00e9motions). Elle est optimiste, confiante dans les ressources de l\u2019\u00eatre humain qu\u2019elle voit comme responsable, dot\u00e9 de capacit\u00e9s pour agir\u00a0; \u00eatre acteur de sa propre \u00e9volution, de son propre changement.<\/p>\n\n\n\n<p style=\"text-align: justify;\">La th\u00e9rapeute par sa qualit\u00e9 de pr\u00e9sence, son \u00e9coute bienveillante, en interaction avec le client, l\u2019aide \u00e0 visiter ses tensions, ses situations inachev\u00e9es en qu\u00eate de compl\u00e9tude.<\/p>\n<\/div>\n<\/div><\/div>\n\n\n\n<p class=\"has-text-align-left\"><\/p>\n\n\n<p style=\"text-align: justify;\">Au cours des s\u00e9ances, la th\u00e9rapeute impliqu\u00e9e, porte une attention particuli\u00e8re \u00e0 l\u2019instant pr\u00e9sent, partage ses ressentis. Elle invite le client \u00e0 une amplification de ses processus (m\u00e9canismes) relationnels. Des m\u00e9diateurs peuvent \u00eatre utilis\u00e9s \u00a0: coussins, ballons, photos langage, dessins, relaxation\u2026\u00a0ils mobilisent le corps \u2013 la t\u00eate &#8211; le c\u0153ur. Ils aident \u00e0 la mise en forme des situations, facilitent la prise de conscience et cr\u00e9ent ainsi graduellement une nouvelle fa\u00e7on d\u2019\u00eatre au monde.<\/p>\n\n\n<p>En savoir plus&nbsp;: <a href=\"http:\/\/www.gestalt-plus.fr\/\">www.gestalt-plus.fr<\/a><\/p>\n\n\n\n<figure class=\"wp-block-gallery has-nested-images columns-default is-cropped wp-block-gallery-1 is-layout-flex wp-block-gallery-is-layout-flex\">\n<figure class=\"wp-block-image size-large\"><img loading=\"lazy\" decoding=\"async\" width=\"1024\" height=\"609\" data-id=\"74\" src=\"http:\/\/marie-soudee-gestalt-therapeute-avranches.ovh\/wp-content\/uploads\/2022\/08\/photo-1-2-1024x609.jpg\" alt=\"\" class=\"wp-image-74\" srcset=\"https:\/\/marie-soudee-gestalt-therapeute-avranches.ovh\/wp-content\/uploads\/2022\/08\/photo-1-2-1024x609.jpg 1024w, https:\/\/marie-soudee-gestalt-therapeute-avranches.ovh\/wp-content\/uploads\/2022\/08\/photo-1-2-300x179.jpg 300w, https:\/\/marie-soudee-gestalt-therapeute-avranches.ovh\/wp-content\/uploads\/2022\/08\/photo-1-2-768x457.jpg 768w, https:\/\/marie-soudee-gestalt-therapeute-avranches.ovh\/wp-content\/uploads\/2022\/08\/photo-1-2-1536x914.jpg 1536w, https:\/\/marie-soudee-gestalt-therapeute-avranches.ovh\/wp-content\/uploads\/2022\/08\/photo-1-2-2048x1219.jpg 2048w\" sizes=\"auto, (max-width: 706px) 89vw, (max-width: 767px) 82vw, 740px\" \/><\/figure>\n\n\n\n<figure class=\"wp-block-image size-large\"><img loading=\"lazy\" decoding=\"async\" width=\"1024\" height=\"768\" data-id=\"75\" src=\"http:\/\/marie-soudee-gestalt-therapeute-avranches.ovh\/wp-content\/uploads\/2022\/08\/photo-2-1024x768.jpg\" alt=\"\" class=\"wp-image-75\" srcset=\"https:\/\/marie-soudee-gestalt-therapeute-avranches.ovh\/wp-content\/uploads\/2022\/08\/photo-2-1024x768.jpg 1024w, https:\/\/marie-soudee-gestalt-therapeute-avranches.ovh\/wp-content\/uploads\/2022\/08\/photo-2-300x225.jpg 300w, https:\/\/marie-soudee-gestalt-therapeute-avranches.ovh\/wp-content\/uploads\/2022\/08\/photo-2-768x576.jpg 768w, https:\/\/marie-soudee-gestalt-therapeute-avranches.ovh\/wp-content\/uploads\/2022\/08\/photo-2-1536x1152.jpg 1536w, https:\/\/marie-soudee-gestalt-therapeute-avranches.ovh\/wp-content\/uploads\/2022\/08\/photo-2-2048x1536.jpg 2048w\" sizes=\"auto, (max-width: 706px) 89vw, (max-width: 767px) 82vw, 740px\" \/><\/figure>\n\n\n\n<figure class=\"wp-block-image size-large\"><img loading=\"lazy\" decoding=\"async\" width=\"1024\" height=\"664\" data-id=\"72\" src=\"http:\/\/marie-soudee-gestalt-therapeute-avranches.ovh\/wp-content\/uploads\/2022\/08\/photo-3-1-1024x664.jpg\" alt=\"\" class=\"wp-image-72\" srcset=\"https:\/\/marie-soudee-gestalt-therapeute-avranches.ovh\/wp-content\/uploads\/2022\/08\/photo-3-1-1024x664.jpg 1024w, https:\/\/marie-soudee-gestalt-therapeute-avranches.ovh\/wp-content\/uploads\/2022\/08\/photo-3-1-300x195.jpg 300w, https:\/\/marie-soudee-gestalt-therapeute-avranches.ovh\/wp-content\/uploads\/2022\/08\/photo-3-1-768x498.jpg 768w, https:\/\/marie-soudee-gestalt-therapeute-avranches.ovh\/wp-content\/uploads\/2022\/08\/photo-3-1-1536x996.jpg 1536w, https:\/\/marie-soudee-gestalt-therapeute-avranches.ovh\/wp-content\/uploads\/2022\/08\/photo-3-1-2048x1328.jpg 2048w\" sizes=\"auto, (max-width: 706px) 89vw, (max-width: 767px) 82vw, 740px\" \/><\/figure>\n<\/figure>\n","protected":false},"excerpt":{"rendered":"<p>La Gestalt Th\u00e9rapie est n\u00e9e dans les ann\u00e9es 50 aux \u00c9tats-Unis d&rsquo;une rencontre entre les travaux de Frederick et Laura Perls, psychiatre-psychanalyste et les courants de pens\u00e9es de la psychologie humaniste, existentielle et holistique comme ceux de Paul Goodman et Ralph Hefferline. Au cours des s\u00e9ances, la th\u00e9rapeute impliqu\u00e9e, porte une attention particuli\u00e8re \u00e0 l\u2019instant &hellip; <\/p>\n<p class=\"link-more\"><a href=\"https:\/\/marie-soudee-gestalt-therapeute-avranches.ovh\/?page_id=8\" class=\"more-link\">Continuer la lecture<span class=\"screen-reader-text\"> de &laquo;&nbsp;Gestalt-Th\u00e9rapie&nbsp;&raquo;<\/span><\/a><\/p>\n","protected":false},"author":1,"featured_media":0,"parent":0,"menu_order":0,"comment_status":"closed","ping_status":"closed","template":"","meta":{"footnotes":""},"class_list":["post-8","page","type-page","status-publish","hentry"],"yoast_head":"<!-- This site is optimized with the Yoast SEO plugin v19.6.1 - https:\/\/yoast.com\/wordpress\/plugins\/seo\/ -->\n<title>Gestalt-Th\u00e9rapie - Marie Soud\u00e9e<\/title>\n<meta name=\"robots\" content=\"index, follow, max-snippet:-1, max-image-preview:large, max-video-preview:-1\" \/>\n<link rel=\"canonical\" href=\"https:\/\/marie-soudee-gestalt-therapeute-avranches.ovh\/?page_id=8\" \/>\n<meta property=\"og:locale\" content=\"fr_FR\" \/>\n<meta property=\"og:type\" content=\"article\" \/>\n<meta property=\"og:title\" content=\"Gestalt-Th\u00e9rapie - Marie Soud\u00e9e\" \/>\n<meta property=\"og:description\" content=\"La Gestalt Th\u00e9rapie est n\u00e9e dans les ann\u00e9es 50 aux \u00c9tats-Unis d&rsquo;une rencontre entre les travaux de Frederick et Laura Perls, psychiatre-psychanalyste et les courants de pens\u00e9es de la psychologie humaniste, existentielle et holistique comme ceux de Paul Goodman et Ralph Hefferline. Au cours des s\u00e9ances, la th\u00e9rapeute impliqu\u00e9e, porte une attention particuli\u00e8re \u00e0 l\u2019instant &hellip; Continuer la lecture de &laquo;&nbsp;Gestalt-Th\u00e9rapie&nbsp;&raquo;\" \/>\n<meta property=\"og:url\" content=\"https:\/\/marie-soudee-gestalt-therapeute-avranches.ovh\/?page_id=8\" \/>\n<meta property=\"og:site_name\" content=\"Marie Soud\u00e9e\" \/>\n<meta property=\"article:modified_time\" content=\"2022-08-22T09:54:13+00:00\" \/>\n<meta property=\"og:image\" content=\"http:\/\/marie-soudee-gestalt-therapeute-avranches.ovh\/wp-content\/uploads\/2022\/08\/299150511_1718119181883873_7384965121701619495_n-762x1024.jpg\" \/>\n<meta name=\"twitter:card\" content=\"summary_large_image\" \/>\n<meta name=\"twitter:label1\" content=\"Dur\u00e9e de lecture estim\u00e9e\" \/>\n\t<meta name=\"twitter:data1\" content=\"1 minute\" \/>\n<script type=\"application\/ld+json\" class=\"yoast-schema-graph\">{\"@context\":\"https:\/\/schema.org\",\"@graph\":[{\"@type\":\"WebPage\",\"@id\":\"https:\/\/marie-soudee-gestalt-therapeute-avranches.ovh\/?page_id=8\",\"url\":\"https:\/\/marie-soudee-gestalt-therapeute-avranches.ovh\/?page_id=8\",\"name\":\"Gestalt-Th\u00e9rapie - Marie Soud\u00e9e\",\"isPartOf\":{\"@id\":\"https:\/\/marie-soudee-gestalt-therapeute-avranches.ovh\/#website\"},\"datePublished\":\"2022-08-22T08:03:44+00:00\",\"dateModified\":\"2022-08-22T09:54:13+00:00\",\"breadcrumb\":{\"@id\":\"https:\/\/marie-soudee-gestalt-therapeute-avranches.ovh\/?page_id=8#breadcrumb\"},\"inLanguage\":\"fr-FR\",\"potentialAction\":[{\"@type\":\"ReadAction\",\"target\":[\"https:\/\/marie-soudee-gestalt-therapeute-avranches.ovh\/?page_id=8\"]}]},{\"@type\":\"BreadcrumbList\",\"@id\":\"https:\/\/marie-soudee-gestalt-therapeute-avranches.ovh\/?page_id=8#breadcrumb\",\"itemListElement\":[{\"@type\":\"ListItem\",\"position\":1,\"name\":\"Accueil\",\"item\":\"https:\/\/marie-soudee-gestalt-therapeute-avranches.ovh\/\"},{\"@type\":\"ListItem\",\"position\":2,\"name\":\"Gestalt-Th\u00e9rapie\"}]},{\"@type\":\"WebSite\",\"@id\":\"https:\/\/marie-soudee-gestalt-therapeute-avranches.ovh\/#website\",\"url\":\"https:\/\/marie-soudee-gestalt-therapeute-avranches.ovh\/\",\"name\":\"Marie Soud\u00e9e\",\"description\":\"Gestalt-th\u00e9rapeute\",\"publisher\":{\"@id\":\"https:\/\/marie-soudee-gestalt-therapeute-avranches.ovh\/#organization\"},\"potentialAction\":[{\"@type\":\"SearchAction\",\"target\":{\"@type\":\"EntryPoint\",\"urlTemplate\":\"https:\/\/marie-soudee-gestalt-therapeute-avranches.ovh\/?s={search_term_string}\"},\"query-input\":\"required name=search_term_string\"}],\"inLanguage\":\"fr-FR\"},{\"@type\":\"Organization\",\"@id\":\"https:\/\/marie-soudee-gestalt-therapeute-avranches.ovh\/#organization\",\"name\":\"Marie Soud\u00e9e\",\"url\":\"https:\/\/marie-soudee-gestalt-therapeute-avranches.ovh\/\",\"sameAs\":[],\"logo\":{\"@type\":\"ImageObject\",\"inLanguage\":\"fr-FR\",\"@id\":\"https:\/\/marie-soudee-gestalt-therapeute-avranches.ovh\/#\/schema\/logo\/image\/\",\"url\":\"http:\/\/marie-soudee-gestalt-therapeute-avranches.ovh\/wp-content\/uploads\/2022\/08\/MARIE-SOUDEE-1024x1024.png\",\"contentUrl\":\"http:\/\/marie-soudee-gestalt-therapeute-avranches.ovh\/wp-content\/uploads\/2022\/08\/MARIE-SOUDEE-1024x1024.png\",\"width\":1024,\"height\":1024,\"caption\":\"Marie Soud\u00e9e\"},\"image\":{\"@id\":\"https:\/\/marie-soudee-gestalt-therapeute-avranches.ovh\/#\/schema\/logo\/image\/\"}}]}<\/script>\n<!-- \/ Yoast SEO plugin. -->","yoast_head_json":{"title":"Gestalt-Th\u00e9rapie - Marie Soud\u00e9e","robots":{"index":"index","follow":"follow","max-snippet":"max-snippet:-1","max-image-preview":"max-image-preview:large","max-video-preview":"max-video-preview:-1"},"canonical":"https:\/\/marie-soudee-gestalt-therapeute-avranches.ovh\/?page_id=8","og_locale":"fr_FR","og_type":"article","og_title":"Gestalt-Th\u00e9rapie - Marie Soud\u00e9e","og_description":"La Gestalt Th\u00e9rapie est n\u00e9e dans les ann\u00e9es 50 aux \u00c9tats-Unis d&rsquo;une rencontre entre les travaux de Frederick et Laura Perls, psychiatre-psychanalyste et les courants de pens\u00e9es de la psychologie humaniste, existentielle et holistique comme ceux de Paul Goodman et Ralph Hefferline. Au cours des s\u00e9ances, la th\u00e9rapeute impliqu\u00e9e, porte une attention particuli\u00e8re \u00e0 l\u2019instant &hellip; Continuer la lecture de &laquo;&nbsp;Gestalt-Th\u00e9rapie&nbsp;&raquo;","og_url":"https:\/\/marie-soudee-gestalt-therapeute-avranches.ovh\/?page_id=8","og_site_name":"Marie Soud\u00e9e","article_modified_time":"2022-08-22T09:54:13+00:00","og_image":[{"url":"http:\/\/marie-soudee-gestalt-therapeute-avranches.ovh\/wp-content\/uploads\/2022\/08\/299150511_1718119181883873_7384965121701619495_n-762x1024.jpg"}],"twitter_card":"summary_large_image","twitter_misc":{"Dur\u00e9e de lecture estim\u00e9e":"1 minute"},"schema":{"@context":"https:\/\/schema.org","@graph":[{"@type":"WebPage","@id":"https:\/\/marie-soudee-gestalt-therapeute-avranches.ovh\/?page_id=8","url":"https:\/\/marie-soudee-gestalt-therapeute-avranches.ovh\/?page_id=8","name":"Gestalt-Th\u00e9rapie - Marie Soud\u00e9e","isPartOf":{"@id":"https:\/\/marie-soudee-gestalt-therapeute-avranches.ovh\/#website"},"datePublished":"2022-08-22T08:03:44+00:00","dateModified":"2022-08-22T09:54:13+00:00","breadcrumb":{"@id":"https:\/\/marie-soudee-gestalt-therapeute-avranches.ovh\/?page_id=8#breadcrumb"},"inLanguage":"fr-FR","potentialAction":[{"@type":"ReadAction","target":["https:\/\/marie-soudee-gestalt-therapeute-avranches.ovh\/?page_id=8"]}]},{"@type":"BreadcrumbList","@id":"https:\/\/marie-soudee-gestalt-therapeute-avranches.ovh\/?page_id=8#breadcrumb","itemListElement":[{"@type":"ListItem","position":1,"name":"Accueil","item":"https:\/\/marie-soudee-gestalt-therapeute-avranches.ovh\/"},{"@type":"ListItem","position":2,"name":"Gestalt-Th\u00e9rapie"}]},{"@type":"WebSite","@id":"https:\/\/marie-soudee-gestalt-therapeute-avranches.ovh\/#website","url":"https:\/\/marie-soudee-gestalt-therapeute-avranches.ovh\/","name":"Marie Soud\u00e9e","description":"Gestalt-th\u00e9rapeute","publisher":{"@id":"https:\/\/marie-soudee-gestalt-therapeute-avranches.ovh\/#organization"},"potentialAction":[{"@type":"SearchAction","target":{"@type":"EntryPoint","urlTemplate":"https:\/\/marie-soudee-gestalt-therapeute-avranches.ovh\/?s={search_term_string}"},"query-input":"required name=search_term_string"}],"inLanguage":"fr-FR"},{"@type":"Organization","@id":"https:\/\/marie-soudee-gestalt-therapeute-avranches.ovh\/#organization","name":"Marie Soud\u00e9e","url":"https:\/\/marie-soudee-gestalt-therapeute-avranches.ovh\/","sameAs":[],"logo":{"@type":"ImageObject","inLanguage":"fr-FR","@id":"https:\/\/marie-soudee-gestalt-therapeute-avranches.ovh\/#\/schema\/logo\/image\/","url":"http:\/\/marie-soudee-gestalt-therapeute-avranches.ovh\/wp-content\/uploads\/2022\/08\/MARIE-SOUDEE-1024x1024.png","contentUrl":"http:\/\/marie-soudee-gestalt-therapeute-avranches.ovh\/wp-content\/uploads\/2022\/08\/MARIE-SOUDEE-1024x1024.png","width":1024,"height":1024,"caption":"Marie Soud\u00e9e"},"image":{"@id":"https:\/\/marie-soudee-gestalt-therapeute-avranches.ovh\/#\/schema\/logo\/image\/"}}]}},"_links":{"self":[{"href":"https:\/\/marie-soudee-gestalt-therapeute-avranches.ovh\/index.php?rest_route=\/wp\/v2\/pages\/8","targetHints":{"allow":["GET"]}}],"collection":[{"href":"https:\/\/marie-soudee-gestalt-therapeute-avranches.ovh\/index.php?rest_route=\/wp\/v2\/pages"}],"about":[{"href":"https:\/\/marie-soudee-gestalt-therapeute-avranches.ovh\/index.php?rest_route=\/wp\/v2\/types\/page"}],"author":[{"embeddable":true,"href":"https:\/\/marie-soudee-gestalt-therapeute-avranches.ovh\/index.php?rest_route=\/wp\/v2\/users\/1"}],"replies":[{"embeddable":true,"href":"https:\/\/marie-soudee-gestalt-therapeute-avranches.ovh\/index.php?rest_route=%2Fwp%2Fv2%2Fcomments&post=8"}],"version-history":[{"count":12,"href":"https:\/\/marie-soudee-gestalt-therapeute-avranches.ovh\/index.php?rest_route=\/wp\/v2\/pages\/8\/revisions"}],"predecessor-version":[{"id":97,"href":"https:\/\/marie-soudee-gestalt-therapeute-avranches.ovh\/index.php?rest_route=\/wp\/v2\/pages\/8\/revisions\/97"}],"wp:attachment":[{"href":"https:\/\/marie-soudee-gestalt-therapeute-avranches.ovh\/index.php?rest_route=%2Fwp%2Fv2%2Fmedia&parent=8"}],"curies":[{"name":"wp","href":"https:\/\/api.w.org\/{rel}","templated":true}]}}