{"id":7,"date":"2022-08-22T10:03:44","date_gmt":"2022-08-22T08:03:44","guid":{"rendered":"http:\/\/marie-soudee-gestalt-therapeute-avranches.ovh\/?page_id=7"},"modified":"2022-08-22T12:01:18","modified_gmt":"2022-08-22T10:01:18","slug":"contact","status":"publish","type":"page","link":"https:\/\/marie-soudee-gestalt-therapeute-avranches.ovh\/?page_id=7","title":{"rendered":"Contact"},"content":{"rendered":"\n<p class=\"has-text-align-center\">Rendez-vous par t\u00e9l\u00e9phone au 06.64.46.47.70. ou par mail marie.soudee@outlook.com <\/p>\n\n\n\n<p class=\"has-text-align-center\">Mon cabinet se situe \u00e0 proximit\u00e9 d&rsquo;Avranches. <\/p>\n\n\n\n<p class=\"has-text-align-center\"><strong>Modalit\u00e9s<\/strong><\/p>\n\n\n\n<p class=\"has-text-align-center\"><a><\/a> Dur\u00e9e de la s\u00e9ance&nbsp;: 45 minutes<\/p>\n\n\n\n<p class=\"has-text-align-center\">Tarif&nbsp;: 55 euros<\/p>\n\n\n\n<p class=\"has-text-align-center\">Tout rendez-vous non honor\u00e9, non d\u00e9command\u00e9 48h \u00e0 l\u2019avance est d\u00fb.<br><br>En savoir plus\u00a0: <a href=\"http:\/\/www.gestalt-plus.fr\/\">www.gestalt-plus.fr<\/a><\/p>\n\n\n\n<hr class=\"wp-block-separator aligncenter has-alpha-channel-opacity\"\/>\n\n\n\n<p class=\"has-text-align-center has-text-color has-medium-font-size\" style=\"color:#736363\"><strong><em>\u00ab\u00a0On peut toujours faire quelque chose de ce que l\u2019on a fait de nous\u00a0\u00bb<\/em><\/strong><\/p>\n\n\n\n<p class=\"has-text-align-center has-text-color has-medium-font-size\" style=\"color:#736363\"><strong>Jean-Paul Sartre<\/strong><\/p>\n\n\n\n<figure class=\"wp-block-gallery has-nested-images columns-default is-cropped wp-block-gallery-1 is-layout-flex wp-block-gallery-is-layout-flex\">\n<figure class=\"wp-block-image size-large\"><img loading=\"lazy\" decoding=\"async\" width=\"1024\" height=\"1024\" data-id=\"63\" src=\"http:\/\/marie-soudee-gestalt-therapeute-avranches.ovh\/wp-content\/uploads\/2022\/08\/MARIE-SOUDEE-1-1024x1024.png\" alt=\"\" class=\"wp-image-63\" srcset=\"https:\/\/marie-soudee-gestalt-therapeute-avranches.ovh\/wp-content\/uploads\/2022\/08\/MARIE-SOUDEE-1-1024x1024.png 1024w, https:\/\/marie-soudee-gestalt-therapeute-avranches.ovh\/wp-content\/uploads\/2022\/08\/MARIE-SOUDEE-1-300x300.png 300w, https:\/\/marie-soudee-gestalt-therapeute-avranches.ovh\/wp-content\/uploads\/2022\/08\/MARIE-SOUDEE-1-150x150.png 150w, https:\/\/marie-soudee-gestalt-therapeute-avranches.ovh\/wp-content\/uploads\/2022\/08\/MARIE-SOUDEE-1-768x768.png 768w, https:\/\/marie-soudee-gestalt-therapeute-avranches.ovh\/wp-content\/uploads\/2022\/08\/MARIE-SOUDEE-1-1536x1536.png 1536w, https:\/\/marie-soudee-gestalt-therapeute-avranches.ovh\/wp-content\/uploads\/2022\/08\/MARIE-SOUDEE-1-2048x2048.png 2048w, https:\/\/marie-soudee-gestalt-therapeute-avranches.ovh\/wp-content\/uploads\/2022\/08\/MARIE-SOUDEE-1-100x100.png 100w\" sizes=\"auto, (max-width: 706px) 89vw, (max-width: 767px) 82vw, 740px\" \/><\/figure>\n\n\n\n<figure class=\"wp-block-image size-large\"><img loading=\"lazy\" decoding=\"async\" width=\"1024\" height=\"1024\" data-id=\"64\" src=\"http:\/\/marie-soudee-gestalt-therapeute-avranches.ovh\/wp-content\/uploads\/2022\/08\/CABINET-1024x1024.png\" alt=\"\" class=\"wp-image-64\" srcset=\"https:\/\/marie-soudee-gestalt-therapeute-avranches.ovh\/wp-content\/uploads\/2022\/08\/CABINET-1024x1024.png 1024w, https:\/\/marie-soudee-gestalt-therapeute-avranches.ovh\/wp-content\/uploads\/2022\/08\/CABINET-300x300.png 300w, https:\/\/marie-soudee-gestalt-therapeute-avranches.ovh\/wp-content\/uploads\/2022\/08\/CABINET-150x150.png 150w, https:\/\/marie-soudee-gestalt-therapeute-avranches.ovh\/wp-content\/uploads\/2022\/08\/CABINET-768x768.png 768w, https:\/\/marie-soudee-gestalt-therapeute-avranches.ovh\/wp-content\/uploads\/2022\/08\/CABINET-1536x1536.png 1536w, https:\/\/marie-soudee-gestalt-therapeute-avranches.ovh\/wp-content\/uploads\/2022\/08\/CABINET-2048x2048.png 2048w, https:\/\/marie-soudee-gestalt-therapeute-avranches.ovh\/wp-content\/uploads\/2022\/08\/CABINET-100x100.png 100w\" sizes=\"auto, (max-width: 706px) 89vw, (max-width: 767px) 82vw, 740px\" \/><\/figure>\n<\/figure>\n","protected":false},"excerpt":{"rendered":"<p>Rendez-vous par t\u00e9l\u00e9phone au 06.64.46.47.70. ou par mail marie.soudee@outlook.com Mon cabinet se situe \u00e0 proximit\u00e9 d&rsquo;Avranches. Modalit\u00e9s Dur\u00e9e de la s\u00e9ance&nbsp;: 45 minutes Tarif&nbsp;: 55 euros Tout rendez-vous non honor\u00e9, non d\u00e9command\u00e9 48h \u00e0 l\u2019avance est d\u00fb. En savoir plus\u00a0: www.gestalt-plus.fr \u00ab\u00a0On peut toujours faire quelque chose de ce que l\u2019on a fait de nous\u00a0\u00bb &hellip; <\/p>\n<p class=\"link-more\"><a href=\"https:\/\/marie-soudee-gestalt-therapeute-avranches.ovh\/?page_id=7\" class=\"more-link\">Continuer la lecture<span class=\"screen-reader-text\"> de &laquo;&nbsp;Contact&nbsp;&raquo;<\/span><\/a><\/p>\n","protected":false},"author":1,"featured_media":0,"parent":0,"menu_order":0,"comment_status":"closed","ping_status":"closed","template":"","meta":{"footnotes":""},"class_list":["post-7","page","type-page","status-publish","hentry"],"yoast_head":"<!-- This site is optimized with the Yoast SEO plugin v19.6.1 - https:\/\/yoast.com\/wordpress\/plugins\/seo\/ -->\n<title>Contact - Marie Soud\u00e9e<\/title>\n<meta name=\"robots\" content=\"index, follow, max-snippet:-1, max-image-preview:large, max-video-preview:-1\" \/>\n<link rel=\"canonical\" href=\"https:\/\/marie-soudee-gestalt-therapeute-avranches.ovh\/?page_id=7\" \/>\n<meta property=\"og:locale\" content=\"fr_FR\" \/>\n<meta property=\"og:type\" content=\"article\" \/>\n<meta property=\"og:title\" content=\"Contact - Marie Soud\u00e9e\" \/>\n<meta property=\"og:description\" content=\"Rendez-vous par t\u00e9l\u00e9phone au 06.64.46.47.70. ou par mail marie.soudee@outlook.com Mon cabinet se situe \u00e0 proximit\u00e9 d&rsquo;Avranches. Modalit\u00e9s Dur\u00e9e de la s\u00e9ance&nbsp;: 45 minutes Tarif&nbsp;: 55 euros Tout rendez-vous non honor\u00e9, non d\u00e9command\u00e9 48h \u00e0 l\u2019avance est d\u00fb. En savoir plus\u00a0: www.gestalt-plus.fr \u00ab\u00a0On peut toujours faire quelque chose de ce que l\u2019on a fait de nous\u00a0\u00bb &hellip; Continuer la lecture de &laquo;&nbsp;Contact&nbsp;&raquo;\" \/>\n<meta property=\"og:url\" content=\"https:\/\/marie-soudee-gestalt-therapeute-avranches.ovh\/?page_id=7\" \/>\n<meta property=\"og:site_name\" content=\"Marie Soud\u00e9e\" \/>\n<meta property=\"article:modified_time\" content=\"2022-08-22T10:01:18+00:00\" \/>\n<meta property=\"og:image\" content=\"http:\/\/marie-soudee-gestalt-therapeute-avranches.ovh\/wp-content\/uploads\/2022\/08\/MARIE-SOUDEE-1-1024x1024.png\" \/>\n<meta name=\"twitter:card\" content=\"summary_large_image\" \/>\n<script type=\"application\/ld+json\" class=\"yoast-schema-graph\">{\"@context\":\"https:\/\/schema.org\",\"@graph\":[{\"@type\":\"WebPage\",\"@id\":\"https:\/\/marie-soudee-gestalt-therapeute-avranches.ovh\/?page_id=7\",\"url\":\"https:\/\/marie-soudee-gestalt-therapeute-avranches.ovh\/?page_id=7\",\"name\":\"Contact - Marie Soud\u00e9e\",\"isPartOf\":{\"@id\":\"https:\/\/marie-soudee-gestalt-therapeute-avranches.ovh\/#website\"},\"datePublished\":\"2022-08-22T08:03:44+00:00\",\"dateModified\":\"2022-08-22T10:01:18+00:00\",\"breadcrumb\":{\"@id\":\"https:\/\/marie-soudee-gestalt-therapeute-avranches.ovh\/?page_id=7#breadcrumb\"},\"inLanguage\":\"fr-FR\",\"potentialAction\":[{\"@type\":\"ReadAction\",\"target\":[\"https:\/\/marie-soudee-gestalt-therapeute-avranches.ovh\/?page_id=7\"]}]},{\"@type\":\"BreadcrumbList\",\"@id\":\"https:\/\/marie-soudee-gestalt-therapeute-avranches.ovh\/?page_id=7#breadcrumb\",\"itemListElement\":[{\"@type\":\"ListItem\",\"position\":1,\"name\":\"Accueil\",\"item\":\"https:\/\/marie-soudee-gestalt-therapeute-avranches.ovh\/\"},{\"@type\":\"ListItem\",\"position\":2,\"name\":\"Contact\"}]},{\"@type\":\"WebSite\",\"@id\":\"https:\/\/marie-soudee-gestalt-therapeute-avranches.ovh\/#website\",\"url\":\"https:\/\/marie-soudee-gestalt-therapeute-avranches.ovh\/\",\"name\":\"Marie Soud\u00e9e\",\"description\":\"Gestalt-th\u00e9rapeute\",\"publisher\":{\"@id\":\"https:\/\/marie-soudee-gestalt-therapeute-avranches.ovh\/#organization\"},\"potentialAction\":[{\"@type\":\"SearchAction\",\"target\":{\"@type\":\"EntryPoint\",\"urlTemplate\":\"https:\/\/marie-soudee-gestalt-therapeute-avranches.ovh\/?s={search_term_string}\"},\"query-input\":\"required name=search_term_string\"}],\"inLanguage\":\"fr-FR\"},{\"@type\":\"Organization\",\"@id\":\"https:\/\/marie-soudee-gestalt-therapeute-avranches.ovh\/#organization\",\"name\":\"Marie Soud\u00e9e\",\"url\":\"https:\/\/marie-soudee-gestalt-therapeute-avranches.ovh\/\",\"sameAs\":[],\"logo\":{\"@type\":\"ImageObject\",\"inLanguage\":\"fr-FR\",\"@id\":\"https:\/\/marie-soudee-gestalt-therapeute-avranches.ovh\/#\/schema\/logo\/image\/\",\"url\":\"http:\/\/marie-soudee-gestalt-therapeute-avranches.ovh\/wp-content\/uploads\/2022\/08\/MARIE-SOUDEE-1024x1024.png\",\"contentUrl\":\"http:\/\/marie-soudee-gestalt-therapeute-avranches.ovh\/wp-content\/uploads\/2022\/08\/MARIE-SOUDEE-1024x1024.png\",\"width\":1024,\"height\":1024,\"caption\":\"Marie Soud\u00e9e\"},\"image\":{\"@id\":\"https:\/\/marie-soudee-gestalt-therapeute-avranches.ovh\/#\/schema\/logo\/image\/\"}}]}<\/script>\n<!-- \/ Yoast SEO plugin. -->","yoast_head_json":{"title":"Contact - Marie Soud\u00e9e","robots":{"index":"index","follow":"follow","max-snippet":"max-snippet:-1","max-image-preview":"max-image-preview:large","max-video-preview":"max-video-preview:-1"},"canonical":"https:\/\/marie-soudee-gestalt-therapeute-avranches.ovh\/?page_id=7","og_locale":"fr_FR","og_type":"article","og_title":"Contact - Marie Soud\u00e9e","og_description":"Rendez-vous par t\u00e9l\u00e9phone au 06.64.46.47.70. ou par mail marie.soudee@outlook.com Mon cabinet se situe \u00e0 proximit\u00e9 d&rsquo;Avranches. Modalit\u00e9s Dur\u00e9e de la s\u00e9ance&nbsp;: 45 minutes Tarif&nbsp;: 55 euros Tout rendez-vous non honor\u00e9, non d\u00e9command\u00e9 48h \u00e0 l\u2019avance est d\u00fb. En savoir plus\u00a0: www.gestalt-plus.fr \u00ab\u00a0On peut toujours faire quelque chose de ce que l\u2019on a fait de nous\u00a0\u00bb &hellip; Continuer la lecture de &laquo;&nbsp;Contact&nbsp;&raquo;","og_url":"https:\/\/marie-soudee-gestalt-therapeute-avranches.ovh\/?page_id=7","og_site_name":"Marie Soud\u00e9e","article_modified_time":"2022-08-22T10:01:18+00:00","og_image":[{"url":"http:\/\/marie-soudee-gestalt-therapeute-avranches.ovh\/wp-content\/uploads\/2022\/08\/MARIE-SOUDEE-1-1024x1024.png"}],"twitter_card":"summary_large_image","schema":{"@context":"https:\/\/schema.org","@graph":[{"@type":"WebPage","@id":"https:\/\/marie-soudee-gestalt-therapeute-avranches.ovh\/?page_id=7","url":"https:\/\/marie-soudee-gestalt-therapeute-avranches.ovh\/?page_id=7","name":"Contact - Marie Soud\u00e9e","isPartOf":{"@id":"https:\/\/marie-soudee-gestalt-therapeute-avranches.ovh\/#website"},"datePublished":"2022-08-22T08:03:44+00:00","dateModified":"2022-08-22T10:01:18+00:00","breadcrumb":{"@id":"https:\/\/marie-soudee-gestalt-therapeute-avranches.ovh\/?page_id=7#breadcrumb"},"inLanguage":"fr-FR","potentialAction":[{"@type":"ReadAction","target":["https:\/\/marie-soudee-gestalt-therapeute-avranches.ovh\/?page_id=7"]}]},{"@type":"BreadcrumbList","@id":"https:\/\/marie-soudee-gestalt-therapeute-avranches.ovh\/?page_id=7#breadcrumb","itemListElement":[{"@type":"ListItem","position":1,"name":"Accueil","item":"https:\/\/marie-soudee-gestalt-therapeute-avranches.ovh\/"},{"@type":"ListItem","position":2,"name":"Contact"}]},{"@type":"WebSite","@id":"https:\/\/marie-soudee-gestalt-therapeute-avranches.ovh\/#website","url":"https:\/\/marie-soudee-gestalt-therapeute-avranches.ovh\/","name":"Marie Soud\u00e9e","description":"Gestalt-th\u00e9rapeute","publisher":{"@id":"https:\/\/marie-soudee-gestalt-therapeute-avranches.ovh\/#organization"},"potentialAction":[{"@type":"SearchAction","target":{"@type":"EntryPoint","urlTemplate":"https:\/\/marie-soudee-gestalt-therapeute-avranches.ovh\/?s={search_term_string}"},"query-input":"required name=search_term_string"}],"inLanguage":"fr-FR"},{"@type":"Organization","@id":"https:\/\/marie-soudee-gestalt-therapeute-avranches.ovh\/#organization","name":"Marie Soud\u00e9e","url":"https:\/\/marie-soudee-gestalt-therapeute-avranches.ovh\/","sameAs":[],"logo":{"@type":"ImageObject","inLanguage":"fr-FR","@id":"https:\/\/marie-soudee-gestalt-therapeute-avranches.ovh\/#\/schema\/logo\/image\/","url":"http:\/\/marie-soudee-gestalt-therapeute-avranches.ovh\/wp-content\/uploads\/2022\/08\/MARIE-SOUDEE-1024x1024.png","contentUrl":"http:\/\/marie-soudee-gestalt-therapeute-avranches.ovh\/wp-content\/uploads\/2022\/08\/MARIE-SOUDEE-1024x1024.png","width":1024,"height":1024,"caption":"Marie Soud\u00e9e"},"image":{"@id":"https:\/\/marie-soudee-gestalt-therapeute-avranches.ovh\/#\/schema\/logo\/image\/"}}]}},"_links":{"self":[{"href":"https:\/\/marie-soudee-gestalt-therapeute-avranches.ovh\/index.php?rest_route=\/wp\/v2\/pages\/7","targetHints":{"allow":["GET"]}}],"collection":[{"href":"https:\/\/marie-soudee-gestalt-therapeute-avranches.ovh\/index.php?rest_route=\/wp\/v2\/pages"}],"about":[{"href":"https:\/\/marie-soudee-gestalt-therapeute-avranches.ovh\/index.php?rest_route=\/wp\/v2\/types\/page"}],"author":[{"embeddable":true,"href":"https:\/\/marie-soudee-gestalt-therapeute-avranches.ovh\/index.php?rest_route=\/wp\/v2\/users\/1"}],"replies":[{"embeddable":true,"href":"https:\/\/marie-soudee-gestalt-therapeute-avranches.ovh\/index.php?rest_route=%2Fwp%2Fv2%2Fcomments&post=7"}],"version-history":[{"count":12,"href":"https:\/\/marie-soudee-gestalt-therapeute-avranches.ovh\/index.php?rest_route=\/wp\/v2\/pages\/7\/revisions"}],"predecessor-version":[{"id":106,"href":"https:\/\/marie-soudee-gestalt-therapeute-avranches.ovh\/index.php?rest_route=\/wp\/v2\/pages\/7\/revisions\/106"}],"wp:attachment":[{"href":"https:\/\/marie-soudee-gestalt-therapeute-avranches.ovh\/index.php?rest_route=%2Fwp%2Fv2%2Fmedia&parent=7"}],"curies":[{"name":"wp","href":"https:\/\/api.w.org\/{rel}","templated":true}]}}