{"id":13,"date":"2022-08-22T10:03:44","date_gmt":"2022-08-22T08:03:44","guid":{"rendered":"http:\/\/marie-soudee-gestalt-therapeute-avranches.ovh\/?page_id=13"},"modified":"2022-08-22T11:57:07","modified_gmt":"2022-08-22T09:57:07","slug":"accueil","status":"publish","type":"page","link":"https:\/\/marie-soudee-gestalt-therapeute-avranches.ovh\/","title":{"rendered":"Bienvenue"},"content":{"rendered":"<p><\/p>\n<p class=\"has-text-align-justify\" style=\"text-align: justify;\">Gestalt-th\u00e9rapeute, je vous propose dans un cadre bienveillant, confidentiel\u00a0 et s\u00e9curisant, un accompagnement th\u00e9rapeutique pour apprendre,\u00a0 pas \u00e0 pas,\u00a0 \u00e0 faire autrement face aux turbulences de la vie.<\/p>\n<p> <\/p>\n<p class=\"has-text-align-justify\" style=\"text-align: justify;\">Ensemble, dans l\u2019ici et maintenant, je vous sers de soutien pour d\u00e9plier vos doutes, votre manque de confiance, vos conflits, vos souffrances\u2026\u00a0 Laisser vivre vos \u00e9motions et avancer progressivement en conscience et en accord avec vous \u2013 m\u00eame\u00a0\u00a0 pour installer davantage de fluidit\u00e9 dans votre vie.<\/p>\n<p><\/p>\n\n\n<p class=\"has-text-align-center has-text-color has-medium-font-size\" style=\"color:#736363\"><strong><em>\u00ab&nbsp;&nbsp;Rien ne vous emprisonne, except\u00e9 vos pens\u00e9es,<br>Rien ne vous limite, except\u00e9 vos peurs,<br>Rien ne vous contr\u00f4le, except\u00e9 vos croyances&nbsp;\u00bb<\/em><\/strong><\/p>\n\n\n\n<p class=\"has-text-align-center has-text-color has-medium-font-size\" style=\"color:#736363\"><strong>Marianne Williamson<\/strong><\/p>\n\n\n\n<figure class=\"wp-block-gallery has-nested-images columns-default is-cropped wp-block-gallery-1 is-layout-flex wp-block-gallery-is-layout-flex\">\n<figure class=\"wp-block-image size-large\"><img loading=\"lazy\" decoding=\"async\" width=\"895\" height=\"499\" data-id=\"81\" src=\"http:\/\/marie-soudee-gestalt-therapeute-avranches.ovh\/wp-content\/uploads\/2022\/08\/IMG-20210204-WA0002.jpg\" alt=\"\" class=\"wp-image-81\" srcset=\"https:\/\/marie-soudee-gestalt-therapeute-avranches.ovh\/wp-content\/uploads\/2022\/08\/IMG-20210204-WA0002.jpg 895w, https:\/\/marie-soudee-gestalt-therapeute-avranches.ovh\/wp-content\/uploads\/2022\/08\/IMG-20210204-WA0002-300x167.jpg 300w, https:\/\/marie-soudee-gestalt-therapeute-avranches.ovh\/wp-content\/uploads\/2022\/08\/IMG-20210204-WA0002-768x428.jpg 768w\" sizes=\"auto, (max-width: 706px) 89vw, (max-width: 767px) 82vw, 740px\" \/><\/figure>\n<\/figure>\n","protected":false},"excerpt":{"rendered":"<p>Gestalt-th\u00e9rapeute, je vous propose dans un cadre bienveillant, confidentiel\u00a0 et s\u00e9curisant, un accompagnement th\u00e9rapeutique pour apprendre,\u00a0 pas \u00e0 pas,\u00a0 \u00e0 faire autrement face aux turbulences de la vie. Ensemble, dans l\u2019ici et maintenant, je vous sers de soutien pour d\u00e9plier vos doutes, votre manque de confiance, vos conflits, vos souffrances\u2026\u00a0 Laisser vivre vos \u00e9motions et &hellip; <\/p>\n<p class=\"link-more\"><a href=\"https:\/\/marie-soudee-gestalt-therapeute-avranches.ovh\/\" class=\"more-link\">Continuer la lecture<span class=\"screen-reader-text\"> de &laquo;&nbsp;Bienvenue&nbsp;&raquo;<\/span><\/a><\/p>\n","protected":false},"author":1,"featured_media":0,"parent":0,"menu_order":0,"comment_status":"closed","ping_status":"closed","template":"","meta":{"footnotes":""},"class_list":["post-13","page","type-page","status-publish","hentry"],"yoast_head":"<!-- This site is optimized with the Yoast SEO plugin v19.6.1 - https:\/\/yoast.com\/wordpress\/plugins\/seo\/ -->\n<title>Bienvenue - Marie Soud\u00e9e<\/title>\n<meta name=\"robots\" content=\"index, follow, max-snippet:-1, max-image-preview:large, max-video-preview:-1\" \/>\n<link rel=\"canonical\" href=\"https:\/\/marie-soudee-gestalt-therapeute-avranches.ovh\/\" \/>\n<meta property=\"og:locale\" content=\"fr_FR\" \/>\n<meta property=\"og:type\" content=\"article\" \/>\n<meta property=\"og:title\" content=\"Bienvenue - Marie Soud\u00e9e\" \/>\n<meta property=\"og:description\" content=\"Gestalt-th\u00e9rapeute, je vous propose dans un cadre bienveillant, confidentiel\u00a0 et s\u00e9curisant, un accompagnement th\u00e9rapeutique pour apprendre,\u00a0 pas \u00e0 pas,\u00a0 \u00e0 faire autrement face aux turbulences de la vie. Ensemble, dans l\u2019ici et maintenant, je vous sers de soutien pour d\u00e9plier vos doutes, votre manque de confiance, vos conflits, vos souffrances\u2026\u00a0 Laisser vivre vos \u00e9motions et &hellip; Continuer la lecture de &laquo;&nbsp;Bienvenue&nbsp;&raquo;\" \/>\n<meta property=\"og:url\" content=\"https:\/\/marie-soudee-gestalt-therapeute-avranches.ovh\/\" \/>\n<meta property=\"og:site_name\" content=\"Marie Soud\u00e9e\" \/>\n<meta property=\"article:modified_time\" content=\"2022-08-22T09:57:07+00:00\" \/>\n<meta property=\"og:image\" content=\"http:\/\/marie-soudee-gestalt-therapeute-avranches.ovh\/wp-content\/uploads\/2022\/08\/IMG-20210204-WA0002.jpg\" \/>\n<meta name=\"twitter:card\" content=\"summary_large_image\" \/>\n<meta name=\"twitter:label1\" content=\"Dur\u00e9e de lecture estim\u00e9e\" \/>\n\t<meta name=\"twitter:data1\" content=\"1 minute\" \/>\n<script type=\"application\/ld+json\" class=\"yoast-schema-graph\">{\"@context\":\"https:\/\/schema.org\",\"@graph\":[{\"@type\":\"WebPage\",\"@id\":\"https:\/\/marie-soudee-gestalt-therapeute-avranches.ovh\/\",\"url\":\"https:\/\/marie-soudee-gestalt-therapeute-avranches.ovh\/\",\"name\":\"Bienvenue - Marie Soud\u00e9e\",\"isPartOf\":{\"@id\":\"https:\/\/marie-soudee-gestalt-therapeute-avranches.ovh\/#website\"},\"datePublished\":\"2022-08-22T08:03:44+00:00\",\"dateModified\":\"2022-08-22T09:57:07+00:00\",\"breadcrumb\":{\"@id\":\"https:\/\/marie-soudee-gestalt-therapeute-avranches.ovh\/#breadcrumb\"},\"inLanguage\":\"fr-FR\",\"potentialAction\":[{\"@type\":\"ReadAction\",\"target\":[\"https:\/\/marie-soudee-gestalt-therapeute-avranches.ovh\/\"]}]},{\"@type\":\"BreadcrumbList\",\"@id\":\"https:\/\/marie-soudee-gestalt-therapeute-avranches.ovh\/#breadcrumb\",\"itemListElement\":[{\"@type\":\"ListItem\",\"position\":1,\"name\":\"Accueil\",\"item\":\"https:\/\/marie-soudee-gestalt-therapeute-avranches.ovh\/\"},{\"@type\":\"ListItem\",\"position\":2,\"name\":\"Bienvenue\"}]},{\"@type\":\"WebSite\",\"@id\":\"https:\/\/marie-soudee-gestalt-therapeute-avranches.ovh\/#website\",\"url\":\"https:\/\/marie-soudee-gestalt-therapeute-avranches.ovh\/\",\"name\":\"Marie Soud\u00e9e\",\"description\":\"Gestalt-th\u00e9rapeute\",\"publisher\":{\"@id\":\"https:\/\/marie-soudee-gestalt-therapeute-avranches.ovh\/#organization\"},\"potentialAction\":[{\"@type\":\"SearchAction\",\"target\":{\"@type\":\"EntryPoint\",\"urlTemplate\":\"https:\/\/marie-soudee-gestalt-therapeute-avranches.ovh\/?s={search_term_string}\"},\"query-input\":\"required name=search_term_string\"}],\"inLanguage\":\"fr-FR\"},{\"@type\":\"Organization\",\"@id\":\"https:\/\/marie-soudee-gestalt-therapeute-avranches.ovh\/#organization\",\"name\":\"Marie Soud\u00e9e\",\"url\":\"https:\/\/marie-soudee-gestalt-therapeute-avranches.ovh\/\",\"sameAs\":[],\"logo\":{\"@type\":\"ImageObject\",\"inLanguage\":\"fr-FR\",\"@id\":\"https:\/\/marie-soudee-gestalt-therapeute-avranches.ovh\/#\/schema\/logo\/image\/\",\"url\":\"http:\/\/marie-soudee-gestalt-therapeute-avranches.ovh\/wp-content\/uploads\/2022\/08\/MARIE-SOUDEE-1024x1024.png\",\"contentUrl\":\"http:\/\/marie-soudee-gestalt-therapeute-avranches.ovh\/wp-content\/uploads\/2022\/08\/MARIE-SOUDEE-1024x1024.png\",\"width\":1024,\"height\":1024,\"caption\":\"Marie Soud\u00e9e\"},\"image\":{\"@id\":\"https:\/\/marie-soudee-gestalt-therapeute-avranches.ovh\/#\/schema\/logo\/image\/\"}}]}<\/script>\n<!-- \/ Yoast SEO plugin. -->","yoast_head_json":{"title":"Bienvenue - Marie Soud\u00e9e","robots":{"index":"index","follow":"follow","max-snippet":"max-snippet:-1","max-image-preview":"max-image-preview:large","max-video-preview":"max-video-preview:-1"},"canonical":"https:\/\/marie-soudee-gestalt-therapeute-avranches.ovh\/","og_locale":"fr_FR","og_type":"article","og_title":"Bienvenue - Marie Soud\u00e9e","og_description":"Gestalt-th\u00e9rapeute, je vous propose dans un cadre bienveillant, confidentiel\u00a0 et s\u00e9curisant, un accompagnement th\u00e9rapeutique pour apprendre,\u00a0 pas \u00e0 pas,\u00a0 \u00e0 faire autrement face aux turbulences de la vie. Ensemble, dans l\u2019ici et maintenant, je vous sers de soutien pour d\u00e9plier vos doutes, votre manque de confiance, vos conflits, vos souffrances\u2026\u00a0 Laisser vivre vos \u00e9motions et &hellip; Continuer la lecture de &laquo;&nbsp;Bienvenue&nbsp;&raquo;","og_url":"https:\/\/marie-soudee-gestalt-therapeute-avranches.ovh\/","og_site_name":"Marie Soud\u00e9e","article_modified_time":"2022-08-22T09:57:07+00:00","og_image":[{"url":"http:\/\/marie-soudee-gestalt-therapeute-avranches.ovh\/wp-content\/uploads\/2022\/08\/IMG-20210204-WA0002.jpg"}],"twitter_card":"summary_large_image","twitter_misc":{"Dur\u00e9e de lecture estim\u00e9e":"1 minute"},"schema":{"@context":"https:\/\/schema.org","@graph":[{"@type":"WebPage","@id":"https:\/\/marie-soudee-gestalt-therapeute-avranches.ovh\/","url":"https:\/\/marie-soudee-gestalt-therapeute-avranches.ovh\/","name":"Bienvenue - Marie Soud\u00e9e","isPartOf":{"@id":"https:\/\/marie-soudee-gestalt-therapeute-avranches.ovh\/#website"},"datePublished":"2022-08-22T08:03:44+00:00","dateModified":"2022-08-22T09:57:07+00:00","breadcrumb":{"@id":"https:\/\/marie-soudee-gestalt-therapeute-avranches.ovh\/#breadcrumb"},"inLanguage":"fr-FR","potentialAction":[{"@type":"ReadAction","target":["https:\/\/marie-soudee-gestalt-therapeute-avranches.ovh\/"]}]},{"@type":"BreadcrumbList","@id":"https:\/\/marie-soudee-gestalt-therapeute-avranches.ovh\/#breadcrumb","itemListElement":[{"@type":"ListItem","position":1,"name":"Accueil","item":"https:\/\/marie-soudee-gestalt-therapeute-avranches.ovh\/"},{"@type":"ListItem","position":2,"name":"Bienvenue"}]},{"@type":"WebSite","@id":"https:\/\/marie-soudee-gestalt-therapeute-avranches.ovh\/#website","url":"https:\/\/marie-soudee-gestalt-therapeute-avranches.ovh\/","name":"Marie Soud\u00e9e","description":"Gestalt-th\u00e9rapeute","publisher":{"@id":"https:\/\/marie-soudee-gestalt-therapeute-avranches.ovh\/#organization"},"potentialAction":[{"@type":"SearchAction","target":{"@type":"EntryPoint","urlTemplate":"https:\/\/marie-soudee-gestalt-therapeute-avranches.ovh\/?s={search_term_string}"},"query-input":"required name=search_term_string"}],"inLanguage":"fr-FR"},{"@type":"Organization","@id":"https:\/\/marie-soudee-gestalt-therapeute-avranches.ovh\/#organization","name":"Marie Soud\u00e9e","url":"https:\/\/marie-soudee-gestalt-therapeute-avranches.ovh\/","sameAs":[],"logo":{"@type":"ImageObject","inLanguage":"fr-FR","@id":"https:\/\/marie-soudee-gestalt-therapeute-avranches.ovh\/#\/schema\/logo\/image\/","url":"http:\/\/marie-soudee-gestalt-therapeute-avranches.ovh\/wp-content\/uploads\/2022\/08\/MARIE-SOUDEE-1024x1024.png","contentUrl":"http:\/\/marie-soudee-gestalt-therapeute-avranches.ovh\/wp-content\/uploads\/2022\/08\/MARIE-SOUDEE-1024x1024.png","width":1024,"height":1024,"caption":"Marie Soud\u00e9e"},"image":{"@id":"https:\/\/marie-soudee-gestalt-therapeute-avranches.ovh\/#\/schema\/logo\/image\/"}}]}},"_links":{"self":[{"href":"https:\/\/marie-soudee-gestalt-therapeute-avranches.ovh\/index.php?rest_route=\/wp\/v2\/pages\/13","targetHints":{"allow":["GET"]}}],"collection":[{"href":"https:\/\/marie-soudee-gestalt-therapeute-avranches.ovh\/index.php?rest_route=\/wp\/v2\/pages"}],"about":[{"href":"https:\/\/marie-soudee-gestalt-therapeute-avranches.ovh\/index.php?rest_route=\/wp\/v2\/types\/page"}],"author":[{"embeddable":true,"href":"https:\/\/marie-soudee-gestalt-therapeute-avranches.ovh\/index.php?rest_route=\/wp\/v2\/users\/1"}],"replies":[{"embeddable":true,"href":"https:\/\/marie-soudee-gestalt-therapeute-avranches.ovh\/index.php?rest_route=%2Fwp%2Fv2%2Fcomments&post=13"}],"version-history":[{"count":6,"href":"https:\/\/marie-soudee-gestalt-therapeute-avranches.ovh\/index.php?rest_route=\/wp\/v2\/pages\/13\/revisions"}],"predecessor-version":[{"id":99,"href":"https:\/\/marie-soudee-gestalt-therapeute-avranches.ovh\/index.php?rest_route=\/wp\/v2\/pages\/13\/revisions\/99"}],"wp:attachment":[{"href":"https:\/\/marie-soudee-gestalt-therapeute-avranches.ovh\/index.php?rest_route=%2Fwp%2Fv2%2Fmedia&parent=13"}],"curies":[{"name":"wp","href":"https:\/\/api.w.org\/{rel}","templated":true}]}}